{"id":13223,"date":"2023-08-23T18:23:08","date_gmt":"2023-08-23T16:23:08","guid":{"rendered":"https:\/\/hoteltonchala.com.co\/web\/?page_id=13223"},"modified":"2024-05-28T22:47:12","modified_gmt":"2024-05-28T20:47:12","slug":"elementor-13223","status":"publish","type":"page","link":"https:\/\/hoteltonchala.com.co\/web\/elementor-13223\/","title":{"rendered":"Entretenimiento"},"content":{"rendered":"\t\t<div data-elementor-type=\"wp-page\" data-elementor-id=\"13223\" class=\"elementor elementor-13223\">\n\t\t\t\t\t\t\t\t\t<section class=\"elementor-section elementor-top-section elementor-element elementor-element-d94cac8 elementor-section-boxed elementor-section-height-default elementor-section-height-default\" data-id=\"d94cac8\" data-element_type=\"section\">\n\t\t\t\t\t\t<div class=\"elementor-container elementor-column-gap-default\">\n\t\t\t\t\t<div class=\"elementor-column elementor-col-100 elementor-top-column elementor-element elementor-element-79583aa\" data-id=\"79583aa\" data-element_type=\"column\">\n\t\t\t<div class=\"elementor-widget-wrap elementor-element-populated\">\n\t\t\t\t\t\t\t\t<div class=\"elementor-element elementor-element-9220cdf elementor-invisible elementor-widget elementor-widget-heading\" data-id=\"9220cdf\" data-element_type=\"widget\" data-settings=\"{&quot;_animation&quot;:&quot;fadeInDown&quot;}\" data-widget_type=\"heading.default\">\n\t\t\t\t<div class=\"elementor-widget-container\">\n\t\t\t<style>\/*! elementor - v3.15.0 - 20-08-2023 *\/\n.elementor-heading-title{padding:0;margin:0;line-height:1}.elementor-widget-heading .elementor-heading-title[class*=elementor-size-]>a{color:inherit;font-size:inherit;line-height:inherit}.elementor-widget-heading .elementor-heading-title.elementor-size-small{font-size:15px}.elementor-widget-heading .elementor-heading-title.elementor-size-medium{font-size:19px}.elementor-widget-heading .elementor-heading-title.elementor-size-large{font-size:29px}.elementor-widget-heading .elementor-heading-title.elementor-size-xl{font-size:39px}.elementor-widget-heading .elementor-heading-title.elementor-size-xxl{font-size:59px}<\/style><h2 class=\"elementor-heading-title elementor-size-default\">\u00a1Aqu\u00ed lo tienes todo!<\/h2>\t\t<\/div>\n\t\t\t\t<\/div>\n\t\t\t\t<div class=\"elementor-element elementor-element-19d1148 elementor-invisible elementor-widget elementor-widget-text-editor\" data-id=\"19d1148\" data-element_type=\"widget\" data-settings=\"{&quot;_animation&quot;:&quot;fadeIn&quot;}\" data-widget_type=\"text-editor.default\">\n\t\t\t\t<div class=\"elementor-widget-container\">\n\t\t\t<style>\/*! elementor - v3.15.0 - 20-08-2023 *\/\n.elementor-widget-text-editor.elementor-drop-cap-view-stacked .elementor-drop-cap{background-color:#69727d;color:#fff}.elementor-widget-text-editor.elementor-drop-cap-view-framed .elementor-drop-cap{color:#69727d;border:3px solid;background-color:transparent}.elementor-widget-text-editor:not(.elementor-drop-cap-view-default) .elementor-drop-cap{margin-top:8px}.elementor-widget-text-editor:not(.elementor-drop-cap-view-default) .elementor-drop-cap-letter{width:1em;height:1em}.elementor-widget-text-editor .elementor-drop-cap{float:left;text-align:center;line-height:1;font-size:50px}.elementor-widget-text-editor .elementor-drop-cap-letter{display:inline-block}<\/style>\t\t\t\t<p>Desde una tarde soleada con una amplia y c\u00f3moda piscina familiar, hasta ser el rey de la noche en el casino EL FARA\u00d3N.<\/p>\t\t\t\t\t\t<\/div>\n\t\t\t\t<\/div>\n\t\t\t\t<section class=\"elementor-section elementor-inner-section elementor-element elementor-element-f991dac elementor-section-boxed elementor-section-height-default elementor-section-height-default\" data-id=\"f991dac\" data-element_type=\"section\">\n\t\t\t\t\t\t<div class=\"elementor-container elementor-column-gap-default\">\n\t\t\t\t\t<div class=\"elementor-column elementor-col-50 elementor-inner-column elementor-element elementor-element-88989d2\" data-id=\"88989d2\" data-element_type=\"column\">\n\t\t\t<div class=\"elementor-widget-wrap elementor-element-populated\">\n\t\t\t\t\t\t\t\t<div class=\"elementor-element elementor-element-7f600a2 elementor-invisible elementor-widget elementor-widget-image\" data-id=\"7f600a2\" data-element_type=\"widget\" data-settings=\"{&quot;_animation&quot;:&quot;fadeInDown&quot;}\" data-widget_type=\"image.default\">\n\t\t\t\t<div class=\"elementor-widget-container\">\n\t\t\t<style>\/*! elementor - v3.15.0 - 20-08-2023 *\/\n.elementor-widget-image{text-align:center}.elementor-widget-image a{display:inline-block}.elementor-widget-image a img[src$=\".svg\"]{width:48px}.elementor-widget-image img{vertical-align:middle;display:inline-block}<\/style>\t\t\t\t\t\t\t\t\t\t\t\t<img loading=\"lazy\" decoding=\"async\" width=\"980\" height=\"551\" src=\"https:\/\/hoteltonchala.com.co\/web\/wp-content\/uploads\/2023\/08\/DSC05072-1024x576.jpg\" class=\"img-fluid attachment-large size-large wp-image-13226\" alt=\"\" srcset=\"https:\/\/hoteltonchala.com.co\/web\/wp-content\/uploads\/2023\/08\/DSC05072-1024x576.jpg 1024w, https:\/\/hoteltonchala.com.co\/web\/wp-content\/uploads\/2023\/08\/DSC05072-300x169.jpg 300w, https:\/\/hoteltonchala.com.co\/web\/wp-content\/uploads\/2023\/08\/DSC05072-scaled-960x540.jpg 960w, https:\/\/hoteltonchala.com.co\/web\/wp-content\/uploads\/2023\/08\/DSC05072-768x432.jpg 768w, https:\/\/hoteltonchala.com.co\/web\/wp-content\/uploads\/2023\/08\/DSC05072-1536x864.jpg 1536w, https:\/\/hoteltonchala.com.co\/web\/wp-content\/uploads\/2023\/08\/DSC05072-2048x1152.jpg 2048w\" sizes=\"auto, (max-width: 980px) 100vw, 980px\" \/>\t\t\t\t\t\t\t\t\t\t\t\t\t\t\t<\/div>\n\t\t\t\t<\/div>\n\t\t\t\t<div class=\"elementor-element elementor-element-0d7bbf5 elementor-invisible elementor-widget elementor-widget-heading\" data-id=\"0d7bbf5\" data-element_type=\"widget\" data-settings=\"{&quot;_animation&quot;:&quot;fadeInDown&quot;}\" data-widget_type=\"heading.default\">\n\t\t\t\t<div class=\"elementor-widget-container\">\n\t\t\t<h2 class=\"elementor-heading-title elementor-size-default\">Gastronom\u00eda<\/h2>\t\t<\/div>\n\t\t\t\t<\/div>\n\t\t\t\t<div class=\"elementor-element elementor-element-c86d347 elementor-widget elementor-widget-text-editor\" data-id=\"c86d347\" data-element_type=\"widget\" data-widget_type=\"text-editor.default\">\n\t\t\t\t<div class=\"elementor-widget-container\">\n\t\t\t\t\t\t\t<p>Todo un universo de sabores de nuestra tierra en un solo lugar. Nuestra cocina esta aqu\u00ed para que degustes todo lo t\u00edpico de la frotera colombo venezolana.<\/p>\t\t\t\t\t\t<\/div>\n\t\t\t\t<\/div>\n\t\t\t\t<div class=\"elementor-element elementor-element-f3a234f elementor-invisible elementor-widget elementor-widget-image\" data-id=\"f3a234f\" data-element_type=\"widget\" data-settings=\"{&quot;_animation&quot;:&quot;fadeInDown&quot;}\" data-widget_type=\"image.default\">\n\t\t\t\t<div class=\"elementor-widget-container\">\n\t\t\t\t\t\t\t\t\t\t\t\t\t\t\t<img loading=\"lazy\" decoding=\"async\" width=\"980\" height=\"551\" src=\"https:\/\/hoteltonchala.com.co\/web\/wp-content\/uploads\/2023\/08\/DSC05103-1024x576.jpg\" class=\"img-fluid attachment-large size-large wp-image-13227\" alt=\"\" srcset=\"https:\/\/hoteltonchala.com.co\/web\/wp-content\/uploads\/2023\/08\/DSC05103-1024x576.jpg 1024w, https:\/\/hoteltonchala.com.co\/web\/wp-content\/uploads\/2023\/08\/DSC05103-300x169.jpg 300w, https:\/\/hoteltonchala.com.co\/web\/wp-content\/uploads\/2023\/08\/DSC05103-scaled-960x540.jpg 960w, https:\/\/hoteltonchala.com.co\/web\/wp-content\/uploads\/2023\/08\/DSC05103-768x432.jpg 768w, https:\/\/hoteltonchala.com.co\/web\/wp-content\/uploads\/2023\/08\/DSC05103-1536x864.jpg 1536w, https:\/\/hoteltonchala.com.co\/web\/wp-content\/uploads\/2023\/08\/DSC05103-2048x1152.jpg 2048w\" sizes=\"auto, (max-width: 980px) 100vw, 980px\" \/>\t\t\t\t\t\t\t\t\t\t\t\t\t\t\t<\/div>\n\t\t\t\t<\/div>\n\t\t\t\t<div class=\"elementor-element elementor-element-d293990 elementor-invisible elementor-widget elementor-widget-heading\" data-id=\"d293990\" data-element_type=\"widget\" data-settings=\"{&quot;_animation&quot;:&quot;fadeInDown&quot;}\" data-widget_type=\"heading.default\">\n\t\t\t\t<div class=\"elementor-widget-container\">\n\t\t\t<h2 class=\"elementor-heading-title elementor-size-default\">Familia, piscina y amigos<\/h2>\t\t<\/div>\n\t\t\t\t<\/div>\n\t\t\t\t<div class=\"elementor-element elementor-element-866ce1c elementor-widget elementor-widget-text-editor\" data-id=\"866ce1c\" data-element_type=\"widget\" data-widget_type=\"text-editor.default\">\n\t\t\t\t<div class=\"elementor-widget-container\">\n\t\t\t\t\t\t\t<p>Porque nuestra hermosa C\u00facuta nos da un espectacular clima para refrescarnos en familia.<\/p>\t\t\t\t\t\t<\/div>\n\t\t\t\t<\/div>\n\t\t\t\t\t<\/div>\n\t\t<\/div>\n\t\t\t\t<div class=\"elementor-column elementor-col-50 elementor-inner-column elementor-element elementor-element-2fdcbbe\" data-id=\"2fdcbbe\" data-element_type=\"column\">\n\t\t\t<div class=\"elementor-widget-wrap elementor-element-populated\">\n\t\t\t\t\t\t\t\t<div class=\"elementor-element elementor-element-f432ba0 elementor-invisible elementor-widget elementor-widget-image\" data-id=\"f432ba0\" data-element_type=\"widget\" data-settings=\"{&quot;_animation&quot;:&quot;fadeInDown&quot;}\" data-widget_type=\"image.default\">\n\t\t\t\t<div class=\"elementor-widget-container\">\n\t\t\t\t\t\t\t\t\t\t\t\t\t\t\t<img loading=\"lazy\" decoding=\"async\" width=\"980\" height=\"551\" src=\"https:\/\/hoteltonchala.com.co\/web\/wp-content\/uploads\/2023\/08\/PSX_20230724_115523-1024x576.jpg\" class=\"img-fluid attachment-large size-large wp-image-13193\" alt=\"\" srcset=\"https:\/\/hoteltonchala.com.co\/web\/wp-content\/uploads\/2023\/08\/PSX_20230724_115523-1024x576.jpg 1024w, https:\/\/hoteltonchala.com.co\/web\/wp-content\/uploads\/2023\/08\/PSX_20230724_115523-300x169.jpg 300w, https:\/\/hoteltonchala.com.co\/web\/wp-content\/uploads\/2023\/08\/PSX_20230724_115523-scaled-960x540.jpg 960w, https:\/\/hoteltonchala.com.co\/web\/wp-content\/uploads\/2023\/08\/PSX_20230724_115523-768x432.jpg 768w, https:\/\/hoteltonchala.com.co\/web\/wp-content\/uploads\/2023\/08\/PSX_20230724_115523-1536x864.jpg 1536w, https:\/\/hoteltonchala.com.co\/web\/wp-content\/uploads\/2023\/08\/PSX_20230724_115523-2048x1152.jpg 2048w\" sizes=\"auto, (max-width: 980px) 100vw, 980px\" \/>\t\t\t\t\t\t\t\t\t\t\t\t\t\t\t<\/div>\n\t\t\t\t<\/div>\n\t\t\t\t<div class=\"elementor-element elementor-element-2340883 elementor-invisible elementor-widget elementor-widget-heading\" data-id=\"2340883\" data-element_type=\"widget\" data-settings=\"{&quot;_animation&quot;:&quot;fadeInDown&quot;}\" data-widget_type=\"heading.default\">\n\t\t\t\t<div class=\"elementor-widget-container\">\n\t\t\t<h2 class=\"elementor-heading-title elementor-size-default\">S\u00e9 el afortunado de la noche<\/h2>\t\t<\/div>\n\t\t\t\t<\/div>\n\t\t\t\t<div class=\"elementor-element elementor-element-a252293 elementor-widget elementor-widget-text-editor\" data-id=\"a252293\" data-element_type=\"widget\" data-widget_type=\"text-editor.default\">\n\t\t\t\t<div class=\"elementor-widget-container\">\n\t\t\t\t\t\t\t<p>Aqu\u00ed puede estar tu suerte. Disfruta de las noches millonarias en el mejor casino de la ciudad: EL FARA\u00d3N de C\u00facuta; que se encuentra dentro de nuestro complejo.<\/p>\t\t\t\t\t\t<\/div>\n\t\t\t\t<\/div>\n\t\t\t\t<div class=\"elementor-element elementor-element-72738fe elementor-invisible elementor-widget elementor-widget-image\" data-id=\"72738fe\" data-element_type=\"widget\" data-settings=\"{&quot;_animation&quot;:&quot;fadeInDown&quot;}\" data-widget_type=\"image.default\">\n\t\t\t\t<div class=\"elementor-widget-container\">\n\t\t\t\t\t\t\t\t\t\t\t\t\t\t\t<img loading=\"lazy\" decoding=\"async\" width=\"980\" height=\"654\" src=\"https:\/\/hoteltonchala.com.co\/web\/wp-content\/uploads\/2023\/08\/pexels-edoardo-tommasini-3249760-1024x683.jpg\" class=\"img-fluid attachment-large size-large wp-image-13194\" alt=\"\" srcset=\"https:\/\/hoteltonchala.com.co\/web\/wp-content\/uploads\/2023\/08\/pexels-edoardo-tommasini-3249760-1024x683.jpg 1024w, https:\/\/hoteltonchala.com.co\/web\/wp-content\/uploads\/2023\/08\/pexels-edoardo-tommasini-3249760-300x200.jpg 300w, https:\/\/hoteltonchala.com.co\/web\/wp-content\/uploads\/2023\/08\/pexels-edoardo-tommasini-3249760-scaled-960x640.jpg 960w, https:\/\/hoteltonchala.com.co\/web\/wp-content\/uploads\/2023\/08\/pexels-edoardo-tommasini-3249760-768x512.jpg 768w, https:\/\/hoteltonchala.com.co\/web\/wp-content\/uploads\/2023\/08\/pexels-edoardo-tommasini-3249760-1536x1024.jpg 1536w, https:\/\/hoteltonchala.com.co\/web\/wp-content\/uploads\/2023\/08\/pexels-edoardo-tommasini-3249760-2048x1365.jpg 2048w\" sizes=\"auto, (max-width: 980px) 100vw, 980px\" \/>\t\t\t\t\t\t\t\t\t\t\t\t\t\t\t<\/div>\n\t\t\t\t<\/div>\n\t\t\t\t<div class=\"elementor-element elementor-element-c2b7a10 elementor-invisible elementor-widget elementor-widget-heading\" data-id=\"c2b7a10\" data-element_type=\"widget\" data-settings=\"{&quot;_animation&quot;:&quot;fadeInDown&quot;}\" data-widget_type=\"heading.default\">\n\t\t\t\t<div class=\"elementor-widget-container\">\n\t\t\t<h2 class=\"elementor-heading-title elementor-size-default\">Disfruta la noche<\/h2>\t\t<\/div>\n\t\t\t\t<\/div>\n\t\t\t\t<div class=\"elementor-element elementor-element-1864260 elementor-widget elementor-widget-text-editor\" data-id=\"1864260\" data-element_type=\"widget\" data-widget_type=\"text-editor.default\">\n\t\t\t\t<div class=\"elementor-widget-container\">\n\t\t\t\t\t\t\t<p>Con una amplia gama y variedad de sitios para pasar una noche inolvidable.<\/p>\t\t\t\t\t\t<\/div>\n\t\t\t\t<\/div>\n\t\t\t\t\t<\/div>\n\t\t<\/div>\n\t\t\t\t\t\t\t<\/div>\n\t\t<\/section>\n\t\t\t\t\t<\/div>\n\t\t<\/div>\n\t\t\t\t\t\t\t<\/div>\n\t\t<\/section>\n\t\t\t\t\t\t\t<\/div>\n\t\t","protected":false},"excerpt":{"rendered":"\u00a1Aqu\u00ed lo tienes todo! Desde una tarde soleada con una amplia y c\u00f3moda piscina familiar, hasta ser el rey de la noche en el casino EL FARA\u00d3N. Gastronom\u00eda Todo un universo de sabores de nuestra tierra en un solo lugar. Nuestra cocina esta aqu\u00ed para que degustes todo lo t\u00edpico de la frotera colombo venezolana&#8230;.","protected":false},"author":1,"featured_media":0,"parent":0,"menu_order":0,"comment_status":"closed","ping_status":"closed","template":"","meta":{"content-type":"","footnotes":""},"class_list":["post-13223","page","type-page","status-publish","hentry"],"jetpack_sharing_enabled":true,"acf":[],"_links":{"self":[{"href":"https:\/\/hoteltonchala.com.co\/web\/wp-json\/wp\/v2\/pages\/13223","targetHints":{"allow":["GET"]}}],"collection":[{"href":"https:\/\/hoteltonchala.com.co\/web\/wp-json\/wp\/v2\/pages"}],"about":[{"href":"https:\/\/hoteltonchala.com.co\/web\/wp-json\/wp\/v2\/types\/page"}],"author":[{"embeddable":true,"href":"https:\/\/hoteltonchala.com.co\/web\/wp-json\/wp\/v2\/users\/1"}],"replies":[{"embeddable":true,"href":"https:\/\/hoteltonchala.com.co\/web\/wp-json\/wp\/v2\/comments?post=13223"}],"version-history":[{"count":15,"href":"https:\/\/hoteltonchala.com.co\/web\/wp-json\/wp\/v2\/pages\/13223\/revisions"}],"predecessor-version":[{"id":13807,"href":"https:\/\/hoteltonchala.com.co\/web\/wp-json\/wp\/v2\/pages\/13223\/revisions\/13807"}],"wp:attachment":[{"href":"https:\/\/hoteltonchala.com.co\/web\/wp-json\/wp\/v2\/media?parent=13223"}],"curies":[{"name":"wp","href":"https:\/\/api.w.org\/{rel}","templated":true}]}}