{"id":13342,"date":"2023-08-31T02:10:08","date_gmt":"2023-08-31T00:10:08","guid":{"rendered":"https:\/\/hoteltonchala.com.co\/web\/?page_id=13342"},"modified":"2024-05-28T00:55:52","modified_gmt":"2024-05-27T22:55:52","slug":"elementor-13342","status":"publish","type":"page","link":"https:\/\/hoteltonchala.com.co\/web\/elementor-13342\/","title":{"rendered":"Elementor #13342"},"content":{"rendered":"\t\t<div data-elementor-type=\"wp-page\" data-elementor-id=\"13342\" class=\"elementor elementor-13342\">\n\t\t\t\t\t\t\t\t\t<section class=\"elementor-section elementor-top-section elementor-element elementor-element-5a7433f elementor-section-boxed elementor-section-height-default elementor-section-height-default\" data-id=\"5a7433f\" data-element_type=\"section\">\n\t\t\t\t\t\t<div class=\"elementor-container elementor-column-gap-default\">\n\t\t\t\t\t<div class=\"elementor-column elementor-col-100 elementor-top-column elementor-element elementor-element-6bccc72\" data-id=\"6bccc72\" data-element_type=\"column\">\n\t\t\t<div class=\"elementor-widget-wrap elementor-element-populated\">\n\t\t\t\t\t\t\t\t<div class=\"elementor-element elementor-element-9a41e44 elementor-invisible elementor-widget elementor-widget-heading\" data-id=\"9a41e44\" data-element_type=\"widget\" data-settings=\"{&quot;_animation&quot;:&quot;fadeInDown&quot;}\" data-widget_type=\"heading.default\">\n\t\t\t\t<div class=\"elementor-widget-container\">\n\t\t\t<style>\/*! elementor - v3.15.0 - 20-08-2023 *\/\n.elementor-heading-title{padding:0;margin:0;line-height:1}.elementor-widget-heading .elementor-heading-title[class*=elementor-size-]>a{color:inherit;font-size:inherit;line-height:inherit}.elementor-widget-heading .elementor-heading-title.elementor-size-small{font-size:15px}.elementor-widget-heading .elementor-heading-title.elementor-size-medium{font-size:19px}.elementor-widget-heading .elementor-heading-title.elementor-size-large{font-size:29px}.elementor-widget-heading .elementor-heading-title.elementor-size-xl{font-size:39px}.elementor-widget-heading .elementor-heading-title.elementor-size-xxl{font-size:59px}<\/style><h2 class=\"elementor-heading-title elementor-size-default\">POLITICAS  INTERNAS Y SEGURIDAD PARA EL HU\u00c9SPED<\/h2>\t\t<\/div>\n\t\t\t\t<\/div>\n\t\t\t\t<div class=\"elementor-element elementor-element-3bf1fd2 elementor-invisible elementor-widget elementor-widget-text-editor\" data-id=\"3bf1fd2\" data-element_type=\"widget\" data-settings=\"{&quot;_animation&quot;:&quot;fadeIn&quot;}\" data-widget_type=\"text-editor.default\">\n\t\t\t\t<div class=\"elementor-widget-container\">\n\t\t\t<style>\/*! elementor - v3.15.0 - 20-08-2023 *\/\n.elementor-widget-text-editor.elementor-drop-cap-view-stacked .elementor-drop-cap{background-color:#69727d;color:#fff}.elementor-widget-text-editor.elementor-drop-cap-view-framed .elementor-drop-cap{color:#69727d;border:3px solid;background-color:transparent}.elementor-widget-text-editor:not(.elementor-drop-cap-view-default) .elementor-drop-cap{margin-top:8px}.elementor-widget-text-editor:not(.elementor-drop-cap-view-default) .elementor-drop-cap-letter{width:1em;height:1em}.elementor-widget-text-editor .elementor-drop-cap{float:left;text-align:center;line-height:1;font-size:50px}.elementor-widget-text-editor .elementor-drop-cap-letter{display:inline-block}<\/style>\t\t\t\t<p style=\"text-align: justify;\"><b><span style=\"font-size: 10.0pt; font-family: 'Century Gothic',sans-serif; color: #44546a; mso-themecolor: text2;\">USO DE LA HABITACION<\/span><\/b><span style=\"font-size: 10.0pt; font-family: 'Century Gothic',sans-serif; color: #44546a; mso-themecolor: text2;\">: El hu\u00e9sped no podr\u00e1 admitir en su habitaci\u00f3n a personas diferentes a las debidamente registradas.<\/span><\/p><p style=\"text-align: justify;\"><b><span style=\"font-size: 10.0pt; font-family: 'Century Gothic',sans-serif; color: #44546a; mso-themecolor: text2;\">OBLIGACIONES DEL HUESPED<\/span><\/b><span style=\"font-size: 10.0pt; font-family: 'Century Gothic',sans-serif; color: #44546a; mso-themecolor: text2;\">: Es responsabilidad del hu\u00e9sped pagar su tarifa de hospedaje y consumos cuando sea solicitado por el hotel.<\/span><\/p><p style=\"text-align: justify;\"><b><span style=\"font-size: 10.0pt; font-family: 'Century Gothic',sans-serif; color: #44546a; mso-themecolor: text2;\">QUE NO ESTA PERMITIDO<\/span><\/b><span style=\"font-size: 10.0pt; font-family: 'Century Gothic',sans-serif; color: #44546a; mso-themecolor: text2;\">: Hacer ruidos molestos y provocar perturbaci\u00f3n; Introducir: armas, sustancias alucin\u00f3genas y productos que representen un peligro para la seguridad del hotel, su personal y otros hu\u00e9spedes; utilizar la habitaci\u00f3n para juegos de azar, actividades que alteren el orden del Hotel y tener m\u00fasica en un volumen alto; da\u00f1ar, remover art\u00edculos o muebles y darles uso diferente al que se dise\u00f1aron.<\/span><\/p><p style=\"text-align: justify;\"><b><span style=\"font-size: 10.0pt; font-family: 'Century Gothic',sans-serif; color: #44546a; mso-themecolor: text2;\">VALORES<\/span><\/b><span style=\"font-size: 10.0pt; font-family: 'Century Gothic',sans-serif; color: #44546a; mso-themecolor: text2;\">: El Hotel no se hace responsable por objetos de valor o joyas dejadas en la habitaci\u00f3n. Para su comodidad el hotel tambi\u00e9n ofrece cajas de seguridad en la habitaci\u00f3n o en el \u00e1rea de recepci\u00f3n.<\/span><\/p><p style=\"text-align: justify;\"><b><span style=\"font-size: 10.0pt; font-family: 'Century Gothic',sans-serif; color: #44546a; mso-themecolor: text2;\">EQUIPAJE COMO GARANTIA:<\/span><\/b><span style=\"font-size: 10.0pt; font-family: 'Century Gothic',sans-serif; color: #44546a; mso-themecolor: text2;\"> El equipaje y dem\u00e1s bienes que se introduzcan podr\u00e1n ser consignados como garant\u00eda de pago de todos los servicios y\/o consumos efectuados por el hu\u00e9sped.<\/span><\/p><p style=\"text-align: justify;\"><b><span lang=\"EN-US\" style=\"font-size: 10.0pt; font-family: 'Century Gothic',sans-serif; color: #44546a; mso-themecolor: text2; mso-ansi-language: EN-US;\">TIEMPO DE HOSPEDAJE:<\/span><\/b><span lang=\"EN-US\" style=\"font-size: 10.0pt; font-family: 'Century Gothic',sans-serif; color: #44546a; mso-themecolor: text2; mso-ansi-language: EN-US;\"> Check In: 3:00Pm, Check out: 12:00M (medio d\u00eda).\u00a0 <\/span><span style=\"font-size: 10.0pt; font-family: 'Century Gothic',sans-serif; color: #44546a; mso-themecolor: text2;\">En caso de no dejar libre la habitaci\u00f3n, autoriza al Hotel a desocupar la habitaci\u00f3n y depositar el equipaje en bodega relevando al Hotel de cualquier responsabilidad en situaciones de p\u00e9rdida o deterioro del equipaje.<\/span><\/p><p style=\"text-align: justify;\"><b><span style=\"font-size: 10.0pt; font-family: 'Century Gothic',sans-serif; color: #44546a; mso-themecolor: text2;\">SEGURO Y CADENA<\/span><\/b><span style=\"font-size: 10.0pt; font-family: 'Century Gothic',sans-serif; color: #44546a; mso-themecolor: text2;\">: Para mayor seguridad utilice el seguro de la chapa y la cadena localizada en su puerta despu\u00e9s de entrar. Por seguridad Utilice el ojo m\u00e1gico en la puerta para revisar quien toca su puerta. <\/span><\/p><p style=\"text-align: justify;\"><b><span style=\"font-size: 10.0pt; font-family: 'Century Gothic',sans-serif; color: #44546a; mso-themecolor: text2;\">FUEGO Y\/O CUALQUIER EVENTUALIDAD DE FUERZA MAYOR:<\/span><\/b><span style=\"font-size: 10.0pt; font-family: 'Century Gothic',sans-serif; color: #44546a; mso-themecolor: text2;\"> Familiar\u00edcese con la ruta de evacuaci\u00f3n ubicada detr\u00e1s de la puerta de la habitaci\u00f3n. Use las escaleras y NO utilice los ascensores. Por favor reporte a la recepci\u00f3n cualquier situaci\u00f3n extra\u00f1a marcando al n\u00famero 9- 351- 313. Su colaboraci\u00f3n es indispensable para el servicio del hotel y la seguridad de todos.<\/span><\/p><p style=\"text-align: justify;\"><b><span style=\"font-size: 10.0pt; font-family: 'Century Gothic',sans-serif; color: #44546a; mso-themecolor: text2;\">MENORES DE EDAD:<\/span><\/b><span style=\"font-size: 10.0pt; font-family: 'Century Gothic',sans-serif; color: #44546a; mso-themecolor: text2;\"> Los ni\u00f1os menores de 10 a\u00f1os se <b>alojan<\/b> gratis cuando comparten habitaci\u00f3n con sus padres, (Con un m\u00e1ximo de 4 personas por habitaciones.)<\/span><\/p><p style=\"text-align: justify;\"><b><span style=\"font-size: 10.0pt; font-family: 'Century Gothic',sans-serif; color: #44546a; mso-themecolor: text2;\">INTERNET:<\/span><\/b><span style=\"font-size: 10.0pt; font-family: 'Century Gothic',sans-serif; color: #44546a; mso-themecolor: text2;\"> El servicio inal\u00e1mbrico de internet est\u00e1ndar es gratis para nuestros hu\u00e9spedes, en las \u00e1reas comunes.<\/span><\/p><p style=\"text-align: justify;\"><b><span style=\"font-size: 10.0pt; font-family: 'Century Gothic',sans-serif; color: #44546a; mso-themecolor: text2;\">ELECTRICIDAD:<\/span><\/b><span style=\"font-size: 10.0pt; font-family: 'Century Gothic',sans-serif; color: #44546a; mso-themecolor: text2;\">\u00a0\u00a0 La corriente el\u00e9ctrica es de 110 voltios\/ 60 Hz.<\/span><\/p><p style=\"text-align: justify;\"><b><span style=\"font-size: 10.0pt; font-family: 'Century Gothic',sans-serif; color: #44546a; mso-themecolor: text2;\">ACCESO PARA DISCAPACITADOS:<\/span><\/b><span style=\"font-size: 10.0pt; font-family: 'Century Gothic',sans-serif; color: #44546a; mso-themecolor: text2;\"> Contamos con 2 habitaciones para clientes con movilidad reducida adem\u00e1s de rampa de acceso para el ingreso al establecimiento.<\/span><\/p><p style=\"text-align: justify;\"><b style=\"font-size: 1rem;\"><span style=\"font-size: 10.0pt; font-family: 'Century Gothic',sans-serif; color: #44546a; mso-themecolor: text2;\">APARCAMIENTO:<\/span><\/b><span style=\"font-size: 10pt; font-family: 'Century Gothic', sans-serif; color: #44546a;\"> Contamos con dos parqueaderos, el servicio del mismo es complementario para nuestros hu\u00e9spedes.<\/span><\/p><p style=\"text-align: justify;\"><b><span style=\"font-size: 10.0pt; font-family: 'Century Gothic',sans-serif; color: #44546a; mso-themecolor: text2;\">LIMPIEZA<\/span><\/b><span style=\"font-size: 10.0pt; font-family: 'Century Gothic',sans-serif; color: #44546a; mso-themecolor: text2;\">: El servicio de limpieza est\u00e1 disponible todos los d\u00edas de 8am- 6pm.<\/span><\/p><p style=\"text-align: justify;\"><b><span style=\"font-size: 10.0pt; font-family: 'Century Gothic',sans-serif; color: #44546a; mso-themecolor: text2;\">ALMACENAJE DE EQUIPAJE:<\/span><\/b><span style=\"font-size: 10.0pt; font-family: 'Century Gothic',sans-serif; color: #44546a; mso-themecolor: text2;\"> Estaremos complacidos de guardar su equipaje\u00a0\u00a0 de hasta 15 kilos por un m\u00e1ximo de 8 horas gratis.<\/span><\/p><p style=\"text-align: justify;\"><b><span style=\"font-size: 10.0pt; font-family: 'Century Gothic',sans-serif; color: #44546a; mso-themecolor: text2;\">RESERVACIONES<\/span><\/b><span style=\"font-size: 10.0pt; font-family: 'Century Gothic',sans-serif; color: #44546a; mso-themecolor: text2;\">: Si desea prolongar su estad\u00eda, reservar otra habitaci\u00f3n, o cualquier informaci\u00f3n que requiera comun\u00edquese con la extensi\u00f3n 351 donde estaremos complacidos de atenderle.<\/span><\/p><p style=\"text-align: justify;\"><b><span style=\"font-size: 10.0pt; font-family: 'Century Gothic',sans-serif; color: #44546a; mso-themecolor: text2;\">POLITICA DE FUMADORES<\/span><\/b><span style=\"font-size: 10.0pt; font-family: 'Century Gothic',sans-serif; color: #44546a; mso-themecolor: text2;\">: Somos un hotel 100% libre de humo, debe cancelar una multa de $350.000 por el uso indebido fuera de las \u00e1reas demarcadas para fumadores. <\/span><\/p><p style=\"text-align: justify;\"><b><span style=\"font-size: 10.0pt; font-family: 'Century Gothic',sans-serif; color: #44546a; mso-themecolor: text2;\">POLITICA DE MASCOTAS<\/span><\/b><span style=\"font-size: 10.0pt; font-family: 'Century Gothic',sans-serif; color: #44546a; mso-themecolor: text2;\">: Solo se permite el ingreso de mascotas para asistencia de personas con discapacidad. El cliente\/propietario deber\u00e1 cancelar $150.000 adem\u00e1s de asumir cualquier da\u00f1o ocasionado por su mascota.<\/span><\/p><p style=\"text-align: justify;\"><b><span style=\"font-size: 10.0pt; font-family: 'Century Gothic',sans-serif; color: #44546a; mso-themecolor: text2;\">TARJETAS DE CREDITO:<\/span><\/b><span style=\"font-size: 10.0pt; font-family: 'Century Gothic',sans-serif; color: #44546a; mso-themecolor: text2;\"> Recibimos American Express, Visa, Master Card, Dinners Club, y Pago No Presencial.<\/span><\/p><p style=\"text-align: justify;\"><b><span style=\"font-size: 10.0pt; font-family: 'Century Gothic',sans-serif; color: #44546a; mso-themecolor: text2;\">POR SU SEGURIDAD:<\/span><\/b><span style=\"font-size: 10.0pt; font-family: 'Century Gothic',sans-serif; color: #44546a; mso-themecolor: text2;\"> Si necesita dinero de un cajero electr\u00f3nico por favor dir\u00edjase al centro comercial Ventura Plaza.- No visite el centro de la ciudad en horario nocturno.- No asista a clubs nocturnos solo.<\/span><\/p><p style=\"text-align: justify;\"><b><span style=\"font-size: 10.0pt; font-family: 'Century Gothic',sans-serif; color: #44546a; mso-themecolor: text2;\">OBLIGACIONES DEL HOTEL<\/span><\/b><span style=\"font-size: 10.0pt; font-family: 'Century Gothic',sans-serif; color: #44546a; mso-themecolor: text2;\">: Esta instituci\u00f3n cumplir\u00e1 con el servicio de hospedaje de acuerdo con las reglas oficiales. <\/span><\/p><p>\u00a0<\/p><p style=\"text-align: justify;\"><b><span style=\"font-size: 10.0pt; font-family: 'Century Gothic',sans-serif; color: #44546a; mso-themecolor: text2;\">PERSONA ADICIONAL<\/span><\/b><span style=\"font-size: 10.0pt; font-family: 'Century Gothic',sans-serif; color: #44546a; mso-themecolor: text2;\">: si su invitado ingresa a su habitaci\u00f3n despu\u00e9s de 15 minutos tendr\u00e1 un costo de $ 65.000 + IVA<\/span><\/p><p><strong>EL HOTEL TONCHAL\u00c1 EN SU COMPROMISO CON LA SOSTENIBILIDAD LO INVITA A:<\/strong><\/p><ol><li>No traficar con especies de flora y fauna silvestre. La ley 1333 de 2009 y el decreto 3678 de 2010 considera una infracci\u00f3n ambiental toda acci\u00f3n u omisi\u00f3n que viole las normas ambientales.<\/li><\/ol><p>\u00a1<strong>SEA PARTE DE LA PRESERVACI\u00d3N Y CONSERVACI\u00d3N DE LA FLORA Y FAUNA DE NUESTRO TERRITORIO<\/strong>!<\/p><ol start=\"2\"><li>No traficar con bienes de inter\u00e9s cultural. La ley 1185 de 2008 busca la integraci\u00f3n del Patrimonio Cultural de la Naci\u00f3n, constituido por todos los bienes materiales, los productos y las representaciones de la cultura que son expresi\u00f3n de la nacionalidad colombiana. <strong>\u00a1AY\u00daDENOS A FORTALECER Y PRESERVAR LOS RECURSOS CULTURALES CON LOS QUE CONTAMOS EN COLOMBIA!<\/strong><\/li><\/ol><ol start=\"3\"><li>Prevenir cualquier tipo de discriminaci\u00f3n a poblaci\u00f3n vulnerable. La ley 1482 de 2011 en su art\u00edculo 1 tiene por objeto sancionar penalmente actos de discriminaci\u00f3n por razones de raza, etnia, religi\u00f3n, nacionalidad, ideolog\u00eda pol\u00edtica o filos\u00f3fica, sexo u orientaci\u00f3n sexual, discapacidad y dem\u00e1s razones de discriminaci\u00f3n. \u00a1\u00daNETE Y DILE NO A LA DISCRIMINACI\u00d3N!<\/li><li>La encuesta de satisfacci\u00f3n puede solicitarla en recepci\u00f3n.<\/li><li>Todo espacio cerrado es libre de humo, el hotel dispone de una zona para fumadores en el \u00e1rea de piscina de acuerdo a la legislaci\u00f3n vigente aplicable.<\/li><li>Nos reservamos el derecho de admisi\u00f3n.<\/li><\/ol><p><strong>POL\u00cdTICA DE SOSTENIBILIDAD HOTEL TONCHAL\u00c1<\/strong><\/p><p>En el Hotel Turismo Sin Fronteras S.A.S, estamos comprometidos con el desarrollo sostenible en nuestro entorno, asumiendo el compromiso legal en los aspectos ambientales, socioculturales y econ\u00f3micos, a trav\u00e9s del mejoramiento continuo de nuestros procesos.<\/p><p>As\u00ed mismo orienta sus esfuerzos a la conservaci\u00f3n de los recursos naturales, el cuidado del patrimonio cultural de Norte de Santander y la prevenci\u00f3n de la explotaci\u00f3n sexual y laboral de ni\u00f1os, ni\u00f1as y adolescentes.<\/p><p>De igual forma se compromete con la mejora continua en minimizar el impacto ambiental, sociocultural y econ\u00f3micos de la operaci\u00f3n; sensibilizando a nuestros hu\u00e9spedes, clientes, proveedores y colaboradores en cuanto a sus derechos y deberes sostenibles.<\/p><p><strong>12 ACCIONES QUE AYUDAN EN LA PRESERVACION DEL MEDIO AMBIENTE:<\/strong><\/p><ol><li>Reciclar reduce la contaminaci\u00f3n del aire, el agua y de los recursos naturales.<\/li><li>Reutilice el papel.<\/li><li>Evite las latas, bolsas pl\u00e1sticas, y los productos con exceso de envolturas.<\/li><li>Compre productos reutilizables y reciclables.<\/li><li>Use bater\u00edas reciclables; son menos toxicas.<\/li><li>Use medios de transporte alternativo.<\/li><li>Verifique que el autom\u00f3vil este en buenas condiciones.<\/li><li>No: queme basura, corte los \u00e1rboles, tire desechos t\u00f3xicos.<\/li><\/ol><p>\u00a0<\/p><ol start=\"9\"><li>conserve el agua: evite la contaminaci\u00f3n no arrojando aceites ni sustancias contaminantes por el ca\u00f1o, no la desperdicie y cierre correctamente los grifos. <strong>RECUERDE CADA GOTA CUENTA.<\/strong><\/li><li>Ahorre energ\u00eda el\u00e9ctrica apagando las luces antes de salir al igual que desconectar los equipos que no est\u00e9 utilizando.<\/li><li>Use energ\u00eda limpia.<\/li><li>Protejamos nuestros animales y platas del maltrato y la extinci\u00f3n.<\/li><\/ol><p><strong>REALICE ACCIONES AMIGABLES CON EL MEDIO AMBIENTE; CUIDAR NUESTRO PLANETA ES COMPROMISO DE TODOS<\/strong><\/p><p><strong>PIENSE VERDE:<\/strong><\/p><p>Como parte de nuestro compromiso con nuestro entorno, y sabiendo que en los hoteles de todo el mundo se gastan millones de galones de agua fresca y se desechan toneladas de detergente a nuestro medio ambiente: durante su estad\u00eda cambiaremos \u00fanicamente las toallas que coloque en el suelo.<\/p><p>De la misma manera nos complace hacerle su cama diariamente. Las sabanas y fundas solo ser\u00e1n cambiadas si deja la tarjeta informativa, que se encuentra en el nochero, sobre su almohada en la ma\u00f1ana.<\/p><p><strong>PRODUCTOS DE LA REGION <\/strong><\/p><p>Disfrute de nuestros productos de la regi\u00f3n.<\/p><p><strong>DULCES T\u00cdPICOS Y OTROS: <\/strong><\/p><p>Obleas y Dulces La Florida &#8211; Av. 0 #6-36 Lleras Restrepo Tel. (7) 575312<\/p><p>Supermercado El Circo &#8211; Av. 2da #10-48 Centro \u2013 Tel. (7) 5712659<\/p><p>La Dacha \u2013 Calle 16 # 5- 42 Barrio Cabrera \u2013 Tel. (7) 5714296<\/p><p><strong>ARTESAN\u00cdAS:<\/strong><\/p><p>Artesan\u00edas El Rinconcito &#8211; Calle 11 #8-65 Centro &#8211; Cel. 3112284091<\/p><p>Artesan\u00edas T\u00edpicas El Viejo Sebasti\u00e1n &#8211; Ave 0 #5-58 Barrio lleras &#8211; Cel. 3103114463<\/p><p>La Garita \u2013 Recta Corozal, Los Patios.<\/p>\t\t\t\t\t\t<\/div>\n\t\t\t\t<\/div>\n\t\t\t\t\t<\/div>\n\t\t<\/div>\n\t\t\t\t\t\t\t<\/div>\n\t\t<\/section>\n\t\t\t\t\t\t\t<\/div>\n\t\t","protected":false},"excerpt":{"rendered":"POLITICAS INTERNAS Y SEGURIDAD PARA EL HU\u00c9SPED USO DE LA HABITACION: El hu\u00e9sped no podr\u00e1 admitir en su habitaci\u00f3n a personas diferentes a las debidamente registradas. OBLIGACIONES DEL HUESPED: Es responsabilidad del hu\u00e9sped pagar su tarifa de hospedaje y consumos cuando sea solicitado por el hotel. QUE NO ESTA PERMITIDO: Hacer ruidos molestos y provocar&#8230;","protected":false},"author":1,"featured_media":0,"parent":0,"menu_order":0,"comment_status":"closed","ping_status":"closed","template":"","meta":{"content-type":"","footnotes":""},"class_list":["post-13342","page","type-page","status-publish","hentry"],"jetpack_sharing_enabled":true,"acf":[],"_links":{"self":[{"href":"https:\/\/hoteltonchala.com.co\/web\/wp-json\/wp\/v2\/pages\/13342","targetHints":{"allow":["GET"]}}],"collection":[{"href":"https:\/\/hoteltonchala.com.co\/web\/wp-json\/wp\/v2\/pages"}],"about":[{"href":"https:\/\/hoteltonchala.com.co\/web\/wp-json\/wp\/v2\/types\/page"}],"author":[{"embeddable":true,"href":"https:\/\/hoteltonchala.com.co\/web\/wp-json\/wp\/v2\/users\/1"}],"replies":[{"embeddable":true,"href":"https:\/\/hoteltonchala.com.co\/web\/wp-json\/wp\/v2\/comments?post=13342"}],"version-history":[{"count":11,"href":"https:\/\/hoteltonchala.com.co\/web\/wp-json\/wp\/v2\/pages\/13342\/revisions"}],"predecessor-version":[{"id":13800,"href":"https:\/\/hoteltonchala.com.co\/web\/wp-json\/wp\/v2\/pages\/13342\/revisions\/13800"}],"wp:attachment":[{"href":"https:\/\/hoteltonchala.com.co\/web\/wp-json\/wp\/v2\/media?parent=13342"}],"curies":[{"name":"wp","href":"https:\/\/api.w.org\/{rel}","templated":true}]}}