{"id":13985,"date":"2025-10-09T22:16:17","date_gmt":"2025-10-09T20:16:17","guid":{"rendered":"https:\/\/hoteltonchala.com.co\/web\/confirmacion-de-reserva\/transaccion-fallida\/"},"modified":"2025-10-09T22:16:17","modified_gmt":"2025-10-09T20:16:17","slug":"transaccion-fallida","status":"publish","type":"page","link":"https:\/\/hoteltonchala.com.co\/web\/confirmacion-de-reserva\/transaccion-fallida\/","title":{"rendered":"Transacci\u00f3n fallida"},"content":{"rendered":"<p>Desafortunadamente, tu transacci\u00f3n no puede completarse en este momento. Por favor, int\u00e9ntalo de nuevo o ponte en contacto con nosotros.<\/p>\n","protected":false},"excerpt":{"rendered":"Desafortunadamente, tu transacci\u00f3n no puede completarse en este momento. Por favor, int\u00e9ntalo de nuevo o ponte en contacto con nosotros.","protected":false},"author":1,"featured_media":0,"parent":13980,"menu_order":0,"comment_status":"closed","ping_status":"closed","template":"","meta":{"content-type":"","footnotes":""},"class_list":["post-13985","page","type-page","status-publish","hentry"],"jetpack_sharing_enabled":true,"acf":[],"_links":{"self":[{"href":"https:\/\/hoteltonchala.com.co\/web\/wp-json\/wp\/v2\/pages\/13985","targetHints":{"allow":["GET"]}}],"collection":[{"href":"https:\/\/hoteltonchala.com.co\/web\/wp-json\/wp\/v2\/pages"}],"about":[{"href":"https:\/\/hoteltonchala.com.co\/web\/wp-json\/wp\/v2\/types\/page"}],"author":[{"embeddable":true,"href":"https:\/\/hoteltonchala.com.co\/web\/wp-json\/wp\/v2\/users\/1"}],"replies":[{"embeddable":true,"href":"https:\/\/hoteltonchala.com.co\/web\/wp-json\/wp\/v2\/comments?post=13985"}],"version-history":[{"count":0,"href":"https:\/\/hoteltonchala.com.co\/web\/wp-json\/wp\/v2\/pages\/13985\/revisions"}],"up":[{"embeddable":true,"href":"https:\/\/hoteltonchala.com.co\/web\/wp-json\/wp\/v2\/pages\/13980"}],"wp:attachment":[{"href":"https:\/\/hoteltonchala.com.co\/web\/wp-json\/wp\/v2\/media?parent=13985"}],"curies":[{"name":"wp","href":"https:\/\/api.w.org\/{rel}","templated":true}]}}