{"id":13302,"date":"2023-08-25T00:17:45","date_gmt":"2023-08-24T22:17:45","guid":{"rendered":"https:\/\/hoteltonchala.com.co\/web\/?post_type=product&#038;p=13302"},"modified":"2026-03-23T15:09:53","modified_gmt":"2026-03-23T14:09:53","slug":"habitacion-superior","status":"publish","type":"product","link":"https:\/\/hoteltonchala.com.co\/web\/product\/habitacion-superior\/","title":{"rendered":"HABITACION EJECUTIVA INDIVIDUAL"},"content":{"rendered":"<p>Cafetera Sonido Multifuncional Cama King size Agua caliente Jacuzzi Sofas Ba\u00f1o dos ambientes Llamada despertador de operador Espejo de cuerpo entero Aire acondicionado Internet inal\u00e1mbrico en habitaciones Cerraduras accionadas con tarjeta Caja fuerte en habitaci\u00f3n Mesa y silla de trabajo Televisi\u00f3n por cable Cortina black out Nevera<\/p>\n<div class=\"row\">\n<div class=\"col-md-6 mb-4\">\n<div class=\"flex-horizontal-center mb-3 text-gray-1\"><\/div>\n<\/div>\n<\/div>\n<div class=\"border-bottom border-top py-4\">\n<p>*Tarifa exenta de impuestos, estos se cobrar\u00e1n en el establecimiento.<\/p>\n<p><strong>POLITICAS EN EL SERVICIOS<\/strong><\/p>\n<p>Los ni\u00f1os menores de 12 a\u00f1os se alojan gratis cuando comparten habitaci\u00f3n\/cama con sus padres.<\/p>\n<p>El servicio inal\u00e1mbrico de internet est\u00e1ndar es gratis para nuestros hu\u00e9spedes, en las \u00e1reas comunes y habitaciones.<\/p>\n<p>Contamos con \u00a0habitaciones para clientes con movilidad reducida adem\u00e1s de una rampa al ingreso del establecimiento, ascensores, alarma alerta en \u00e1reas comunes.<\/p>\n<p><strong>CHECK IN<\/strong>:\u00a0\u00a0\u00a0\u00a0 3 PM\u00a0\u00a0\u00a0\u00a0\u00a0\u00a0\u00a0\u00a0\u00a0\u00a0\u00a0\u00a0\u00a0\u00a0\u00a0\u00a0\u00a0\u00a0\u00a0\u00a0\u00a0 <strong>CHECK OUT<\/strong><strong>:<\/strong> 1 PM<\/p>\n<p>Sin embargo ofrecemos nuestro servicio de \u00a0late check out\u00a0 para nuestros clientes VIP, adem\u00e1s contamos con un plan\u00a0 para aquellos viajeros que necesitan una habitaci\u00f3n pero no pernotan en ella.<\/p>\n<p>Contamos con dos parqueaderos, el servicio del mismo es compelentary para nuestros hu\u00e9spedes.<\/p>\n<p>El servicio de lavander\u00eda y limpieza est\u00e1 disponible de lunes a s\u00e1bado de 8am- 6pm. Normalmente es entregado al d\u00eda siguiente.<\/p>\n<p>Somos un hotel libre de humo, debe cancelar una multa de 350.000 por el uso indebido fuera de las \u00e1reas demarcadas para fumadores.<\/p>\n<p>Solo se permite el ingreso de mascotas para asistencia de personas con discapacidad. El cliente\/propietario\u00a0 deber\u00e1 cancelar $150.000 adem\u00e1s de asumir cualquier da\u00f1o ocasionado por su mascota.<\/p>\n<p>Servicio de scanner, copiado, e impresora, oficinas de negocios.<\/p>\n<\/div>\n","protected":false},"excerpt":{"rendered":"*Tarifa exenta de impuestos, estos se cobrar\u00e1n en el establecimiento.","protected":false},"featured_media":13598,"template":"","meta":{"content-type":""},"product_cat":[15],"product_tag":[],"class_list":{"0":"post-13302","1":"product","2":"type-product","3":"status-publish","4":"has-post-thumbnail","6":"product_format-product-format-room","7":"product_cat-uncategorized","9":"first","10":"instock","11":"shipping-taxable","12":"purchasable","13":"product-type-simple"},"jetpack_sharing_enabled":true,"acf":[],"_links":{"self":[{"href":"https:\/\/hoteltonchala.com.co\/web\/wp-json\/wp\/v2\/product\/13302","targetHints":{"allow":["GET"]}}],"collection":[{"href":"https:\/\/hoteltonchala.com.co\/web\/wp-json\/wp\/v2\/product"}],"about":[{"href":"https:\/\/hoteltonchala.com.co\/web\/wp-json\/wp\/v2\/types\/product"}],"wp:featuredmedia":[{"embeddable":true,"href":"https:\/\/hoteltonchala.com.co\/web\/wp-json\/wp\/v2\/media\/13598"}],"wp:attachment":[{"href":"https:\/\/hoteltonchala.com.co\/web\/wp-json\/wp\/v2\/media?parent=13302"}],"wp:term":[{"taxonomy":"product_cat","embeddable":true,"href":"https:\/\/hoteltonchala.com.co\/web\/wp-json\/wp\/v2\/product_cat?post=13302"},{"taxonomy":"product_tag","embeddable":true,"href":"https:\/\/hoteltonchala.com.co\/web\/wp-json\/wp\/v2\/product_tag?post=13302"}],"curies":[{"name":"wp","href":"https:\/\/api.w.org\/{rel}","templated":true}]}}